{"id":155,"date":"2019-01-06T14:49:02","date_gmt":"2019-01-06T14:49:02","guid":{"rendered":"https:\/\/www.donner-1871.dk\/donner-privat\/?page_id=155"},"modified":"2019-01-06T15:25:40","modified_gmt":"2019-01-06T15:25:40","slug":"generalforsamling-2018","status":"publish","type":"page","link":"https:\/\/www.donner-1871.dk\/donner-privat\/generalforsamlinger\/generalforsamling-2018\/","title":{"rendered":"Generalforsamling 2018"},"content":{"rendered":"\n<p style=\"text-align:center\"><strong>Protokol Donnerforeningen generalforsamling d. 26. oktober 2018 <\/strong><br><strong>nr. 147 i r\u00e6kken:<\/strong><\/p>\n\n\n\n<p>Et nyt \u00e5r g\u00e5et, og\nDonnerforeningen er igen samlet i Havneforeningen til generalforsamling og\nefterf\u00f8lgende spisning. Foreningen har det sidste \u00e5r vundet fire gange i\nlotteriet&nbsp; &#8211; mod forrige \u00e5r seks gange &#8211; kun\nsm\u00e5 gevinster af 285kr. <em>Vi f\u00e5r stadig tilbudt at k\u00f8be st\u00f8rre andele\naf vore numre (vi har \u00bc-lodder ), vi har en beslutning om at fastholde denne\nandel.<\/em><\/p>\n\n\n\n<p>Der er dog stadig ikke\noverskud, s\u00e5 medlemmerne m\u00e5 l\u00e6gge 200 kr. hver til fornyelsen i marts 19. Fremover\nbetales p\u00e5 netkonto\/mobilpay.<em> <\/em><\/p>\n\n\n\n<p>Vort halv\u00e5rsm\u00f8de s\u00f8n. 6. maj\n2018 gik i \u00e5r til Sverrige &nbsp;&#8211; vi ( 6 stk\n) bes\u00f8gte R\u00e5\u00e5-Museum. Vi tog f\u00e6rge og bus til R\u00e5\u00e5 og spadserede gennem byen ned\ntil havne. Her fik vi en flot rundvisning, p\u00e5 sk\u00e5nsk, p\u00e5 Museet. Museumshallerne\nindeholder effekter\/historie for fiskeri, mindre skibsmotorer og sejllas gennem\ntider i \u00d8resund. Vi tog tilbage med f\u00e6rgen \u201dAurora\u201d, hvor vi spise frokost\nbuffet over flere afgange.<\/p>\n\n\n\n<p>Halv\u00e5rsfornyelsen i \u00e5r var p\u00e5\n200kr pr. medlem \u2013 kun vundet to gang !<\/p>\n\n\n\n<p>Vi vedtog sidste \u00e5r, at\nkaffekanden fra Slagter Georg Poulsen skal g\u00e5 p\u00e5 omgang blandt medlemmerne &#8211; et\n\u00e5r af gangen &#8211; vi startede sidste \u00e5r med \u00e6ldste (l\u00e6ngst accessitet) medlem\nJ\u00f8rgen Haagen. Det kommende \u00e5r er den hos Ove Hansen (medlem 1976). <em>(Kjeld\nfra 1975 &#8211; men udmeldt i 6 \u00e5r)<\/em><\/p>\n\n\n\n<p>Vore protokoller og kasseb\u00f8ger\ner blevet indscannet digitalt, man kan tilg\u00e5 dem p\u00e5 Pihls-hjemmeside og der er en\nUSB-n\u00f8gler hos Thomas Bj\u00f8rn plus en i \u201dJohannes kuffert\u201d Vi aftalte at lave en\negen Donner-hjemmeside (donner-1871.dk) med \u00e5ben og lukket sites &#8211; Kjeld var\nimod, han synes at foreningen bliver for moderne.<\/p>\n\n\n\n<p><strong><em>Nyt fra vor havn\u2026.<\/em><\/strong>&nbsp; Sommeren 2018\nhar v\u00e6ret us\u00e6dvanlig varm med mange g\u00e6steb\u00e5de og g\u00e6ster i og omkring havnen Mange\narrangementer er ogs\u00e5 afholdt. Havnen har derfor haft en st\u00f8rre g\u00e6steindt\u00e6gt p\u00e5\nca 33% i forhold til normalen. Der er kommet ny havnefoged Christian From fra\nGilleleje. Der er kommet et milj\u00f8-skur til \u201dfarligt affald\u201d ved siden af\nM\u00e5lerskuret p\u00e5 Landkajen. B\u00e5deklubben har afholdt Europamesterskab for Hobicat\np\u00e5 stranden ved 1. Tangvej i Plantagen. Havnefesten gik godt med megen musik og\net p\u00e6nt overskud og efterf\u00f8lgende snak om lidt for h\u00f8je billetpriser. Der sker\n\u00e6ndring i 2019. Havneforeningen afholdt \u201dLopper i Skurbyen\u201d i eftersommeren, og\nvar for 12. \u00e5r v\u00e6rt for Sildens Dag d. 20. oktober. Der afholdes igen i \u00e5r Jul\ni Den gamle Skurby.&nbsp; <\/p>\n\n\n\n<p><strong><em>Nyt fra vor by\u2026<\/em><\/strong> I \u00e5r blev der pr\u00e6senteret en kommende projekt for\n\u201dLysets museum og Hornb\u00e6k Kulturhus\u201d p\u00e5 grunden Pensions Friis.\nSt\u00f8tteforeningen Hornb\u00e6k Kunstmuseum og arkitekt Kim Utzon st\u00e5r bag dette. Det\nfedtede Hj\u00f8rne \u2013 intet byggeri endnu &#8211; men der er lavet aftale om gadek\u00f8kkener\nendnu to \u00e5r mere. Gadek\u00f8kkenerne har v\u00e6ret en stor succes den sommer. Kirkens steng\u00e6rde\n&#8211; p\u00e5 godt 60m &#8211; mod naboejendommene langs Willemoesvej, er blevet sat om, det\nvar stille og roligt begyndt at skride og var s\u00e5ledes til fare for naboerne.<\/p>\n\n\n\n<p>Netto bag Super-Brugsen er blevet nybygget. Der er\ndelte meninger om udseendet af den nye bygning! Der bliver nu bygget to\nr\u00e6kkehuse p\u00e5 Fritzens gamle T\u00f8mmerplads p\u00e5 Per Bj\u00f8rns Vej 6 af ejeren FVA.\nHornb\u00e6k har f\u00e5et sit f\u00f8rste v\u00e6gmaleri ved Home i Hovedgaden, motivet p\u00e5 gavlen\nviser Byens ber\u00f8mte kendem\u00e6rker i gr\u00e5 og r\u00f8de farver \u2013 kunstneren hedder Stine\nHvid. Hornb\u00e6khus og Villa Strand er istandsatte og indviet denne sommer. De\nejes af samme ejer. Lennart Lajboschit, manden med\nTiger-butikkerne. <\/p>\n\n\n\n<p>Donnerforeningen er begyndt\nat kigge frem mod vort 150 \u00e5rs jubil\u00e6um efter\u00e5ret 2021 nu med en hjemmeside,\nhvor vi nu samler hele foreningens historie. <em>Vor nuv\u00e6rende formand\nproklamerede i 2017, at han agter at v\u00e6re formand helt frem til og med jubil\u00e6et\ni 2021&nbsp; &#8211; man klappede. Bog med\nopdaterede facts om medlemmerne udkommer til den tid, sammen med Donnerforeningens\nhistorie + hjemmeside !<\/em><\/p>\n\n\n\n<p>Vort kommende halv\u00e5rsm\u00f8de til\nfor\u00e5ret 2019 afholdes i Havnekontoret s\u00f8ndag d. 14. april kl. 10.00.<\/p>\n\n\n\n<p>Det er sv\u00e6rt at skaffe torsk\ni oktober&nbsp; &#8211; der er kun sm\u00e5 torsk i\nSundet og det bl\u00e6ser ofte. Vi bestemte derfor at torsk skal vi ha\u2019 og at vi\ngodt kan indk\u00f8be store torsk &#8211; Kabliau &#8211; hos en fiskehandler. Torsk fra\nKattegat eller Vesterhavet er at fortr\u00e6kke!<\/p>\n\n\n\n<p>Regnskabet blev gennemg\u00e5et og\nkassen stemte. Bilag fremlagt. Det blev s\u00e5ledes vedtaget.<\/p>\n\n\n\n<p>Efter generalforsamlingen fik\nvi traditionen tro gr\u00f8nsaltet Torsk (Kabliau) med tilbeh\u00f8r, og citronfromage til\ndessert. 14 medlemmer deltog i \u00e5r, Alle hjalp til f\u00f8r under og efter middagen, s\u00e5\ndet blev igen en hyggelig og mindefuld aften &#8211; TAK !<\/p>\n\n\n\n<p><strong>F\u00f8lgende blev bestemt<\/strong><strong><em> Efter \u00e5rsberetningen:<\/em><\/strong><\/p>\n\n\n\n<p>Betaling via netbank og\/eller\nmobilpay&nbsp; <\/p>\n\n\n\n<p><strong><em>Nordea\nGilleleje <\/em><\/strong><strong><em>regnr. 2411 &nbsp;konto 0260 803697&nbsp;&nbsp;&nbsp;&nbsp;&nbsp; MobilPay 60672995<\/em><\/strong><\/p>\n\n\n\n<p><strong>Vedtaget!!<\/strong><\/p>\n\n\n\n<p>Skal vi have en\nhjemmeside?&nbsp; Pris ca 500kr \/\u00e5r Navn\n\u201ddonner-1871.dk\u201d<\/p>\n\n\n\n<p><em>Betaling for siden det f\u00f8rste \u00e5r er inkl fornyelsen p\u00e5\n200kr<\/em> <\/p>\n\n\n\n<p>Kjeld er i mod en hjemmeside\nog en digitalisering af Donnerforeningen.<\/p>\n\n\n\n<p><strong>Hjemmesiden blev vedtaget\n!!<\/strong><\/p>\n\n\n\n<p><strong><em>Efter \u00e5reregnskabet:<\/em><\/strong><\/p>\n\n\n\n<p>Godkende \u00e5rsregnskab <\/p>\n\n\n\n<p>Fornyelse marts-19 p\u00e5\n200kr&nbsp; pr medlem.<\/p>\n\n\n\n<p><strong>Vedtaget !!<\/strong><\/p>\n\n\n\n<p><strong><em>Under evt.:<\/em><\/strong><\/p>\n\n\n\n<p>Vort halv\u00e5rsm\u00f8de for\u00e5ret\n2019&nbsp; &#8211; i Havnekontoret <\/p>\n\n\n\n<p><em>7. april\u00a0\u00a0 \u00a0<strong>14. april\u00a0<\/strong>\u00a0 5. maj \u00a012 maj ?<\/em><\/p>\n\n\n\n<p>N\u00e6ste \u00e5res torsk skal v\u00e6re\nkabliau \u2013 vi vil fremover have store torsk !!!<\/p>\n\n\n\n<p><em>Kabliau er lidt dyrere&nbsp;\n&#8211; men bedre !!<\/em><\/p>\n\n\n\n<p><strong>Vedtaget !!<\/strong><\/p>\n\n\n\n<p>S\u00e5ledes oplevet af formanden.<\/p>\n\n\n\n<p>Jens Peter Pihl okt. 2018<\/p>\n\n\n\n<p><\/p>\n","protected":false},"excerpt":{"rendered":"<p>Protokol Donnerforeningen generalforsamling d. 26. oktober 2018 nr. 147 i r\u00e6kken: Et nyt \u00e5r g\u00e5et, og Donnerforeningen er igen samlet i Havneforeningen til generalforsamling og efterf\u00f8lgende spisning. Foreningen har det sidste \u00e5r vundet fire gange i lotteriet&nbsp; &#8211; mod forrige \u00e5r seks gange &#8211; kun sm\u00e5 gevinster af 285kr. Vi f\u00e5r stadig tilbudt at k\u00f8be &hellip; <a href=\"https:\/\/www.donner-1871.dk\/donner-privat\/generalforsamlinger\/generalforsamling-2018\/\" class=\"more-link\">L\u00e6s videre<span class=\"screen-reader-text\"> &#8220;Generalforsamling 2018&#8221;<\/span><\/a><\/p>\n","protected":false},"author":1,"featured_media":0,"parent":153,"menu_order":0,"comment_status":"closed","ping_status":"closed","template":"","meta":{"footnotes":""},"class_list":["post-155","page","type-page","status-publish","hentry"],"_links":{"self":[{"href":"https:\/\/www.donner-1871.dk\/donner-privat\/wp-json\/wp\/v2\/pages\/155","targetHints":{"allow":["GET"]}}],"collection":[{"href":"https:\/\/www.donner-1871.dk\/donner-privat\/wp-json\/wp\/v2\/pages"}],"about":[{"href":"https:\/\/www.donner-1871.dk\/donner-privat\/wp-json\/wp\/v2\/types\/page"}],"author":[{"embeddable":true,"href":"https:\/\/www.donner-1871.dk\/donner-privat\/wp-json\/wp\/v2\/users\/1"}],"replies":[{"embeddable":true,"href":"https:\/\/www.donner-1871.dk\/donner-privat\/wp-json\/wp\/v2\/comments?post=155"}],"version-history":[{"count":2,"href":"https:\/\/www.donner-1871.dk\/donner-privat\/wp-json\/wp\/v2\/pages\/155\/revisions"}],"predecessor-version":[{"id":160,"href":"https:\/\/www.donner-1871.dk\/donner-privat\/wp-json\/wp\/v2\/pages\/155\/revisions\/160"}],"up":[{"embeddable":true,"href":"https:\/\/www.donner-1871.dk\/donner-privat\/wp-json\/wp\/v2\/pages\/153"}],"wp:attachment":[{"href":"https:\/\/www.donner-1871.dk\/donner-privat\/wp-json\/wp\/v2\/media?parent=155"}],"curies":[{"name":"wp","href":"https:\/\/api.w.org\/{rel}","templated":true}]}}